{"id":436,"date":"2015-10-19T06:49:05","date_gmt":"2015-10-19T04:49:05","guid":{"rendered":"http:\/\/www.atec-nu.de\/?page_id=436"},"modified":"2020-06-11T12:53:16","modified_gmt":"2020-06-11T10:53:16","slug":"parts-cleaning-degreasing-and-rinsing-bath","status":"publish","type":"page","link":"https:\/\/www.atec-nu.de\/en\/applications\/parts-cleaning-degreasing-and-rinsing-bath\/","title":{"rendered":"Parts cleaning &#8211; Degreasing and rinsing bath"},"content":{"rendered":"<p><div class=\"fusion-fullwidth fullwidth-box fusion-builder-row-1 fusion-flex-container nonhundred-percent-fullwidth non-hundred-percent-height-scrolling\" style=\"--awb-border-radius-top-left:0px;--awb-border-radius-top-right:0px;--awb-border-radius-bottom-right:0px;--awb-border-radius-bottom-left:0px;--awb-flex-wrap:wrap;\" ><div class=\"fusion-builder-row fusion-row fusion-flex-align-items-flex-start fusion-flex-content-wrap\" style=\"max-width:calc( 1200px + 0px );margin-left: calc(-0px \/ 2 );margin-right: calc(-0px \/ 2 );\"><div class=\"fusion-layout-column fusion_builder_column fusion-builder-column-0 fusion_builder_column_1_1 1_1 fusion-flex-column\" style=\"--awb-bg-size:cover;--awb-width-large:100%;--awb-margin-top-large:0px;--awb-spacing-right-large:0px;--awb-margin-bottom-large:0px;--awb-spacing-left-large:0px;--awb-width-medium:100%;--awb-spacing-right-medium:0px;--awb-spacing-left-medium:0px;--awb-width-small:100%;--awb-spacing-right-small:0px;--awb-spacing-left-small:0px;\"><div class=\"fusion-column-wrapper fusion-flex-justify-content-flex-start fusion-content-layout-column\"><div class=\"fusion-text fusion-text-1\"><h1>Filtration of degreasing and rinsing baths<\/h1>\n<\/div><\/div><\/div><\/div><\/div><div class=\"fusion-fullwidth fullwidth-box fusion-builder-row-2 fusion-flex-container hundred-percent-fullwidth non-hundred-percent-height-scrolling\" style=\"--awb-border-radius-top-left:0px;--awb-border-radius-top-right:0px;--awb-border-radius-bottom-right:0px;--awb-border-radius-bottom-left:0px;--awb-overflow:visible;--awb-flex-wrap:wrap;\" ><div class=\"fusion-builder-row fusion-row fusion-flex-align-items-flex-start fusion-flex-content-wrap\" style=\"width:104% !important;max-width:104% !important;margin-left: calc(-4% \/ 2 );margin-right: calc(-4% \/ 2 );\"><div class=\"fusion-layout-column fusion_builder_column fusion-builder-column-1 fusion_builder_column_2_3 2_3 fusion-flex-column\" style=\"--awb-bg-blend:overlay;--awb-bg-size:cover;--awb-width-large:66.666666666667%;--awb-margin-top-large:0px;--awb-spacing-right-large:3.84%;--awb-margin-bottom-large:20px;--awb-spacing-left-large:2.88%;--awb-width-medium:100%;--awb-spacing-right-medium:1.92%;--awb-spacing-left-medium:1.92%;--awb-width-small:100%;--awb-spacing-right-small:1.92%;--awb-spacing-left-small:1.92%;\"><div class=\"fusion-column-wrapper fusion-flex-justify-content-flex-start fusion-content-layout-column\"><div class=\"fusion-text fusion-text-2\"><p>A standard field of application of Atec filtration units are degreasing baths and rinsing baths and wash water in parts cleaning. Degreasing is of particular importance in surface technology because it prepares the parts for further manufacturing steps.<\/p>\n<p>For many years now Atec applies diferent types of filtration units for the treatment of these baths \/ fluids. Objective of the filtration is the removal of fat, oil and metal particles. If degrasing is combined with slide grinding \/ vibratory finishing, the abrasion of the grinding media (plastic or ceramic) has to be removed by filtration as well.<\/p>\n<p>Compound and surfactants should remain in the filtered water and return into the degreasing or cleaning bath. This recycling of the cleaning fluids allows to prolong the lifetime of the bath and to reduce operating costs. At the same time the quality of the bath stays constantly high. This improves process stability and guarantees continuous application and throughput times.<\/p>\n<p>The success of lifetime enhancement of fluids depends on many different factors and thus is dificult to predict. Roughly estimated one can asume a 6 to 10 times prolonged lifetime compared with degreasing baths without treatment.<\/p>\n<p>Atec Filtrationsanlagen eignen sich f\u00fcr die wirtschaftliche Aufbereitung bereits sehr kleiner Reinigungs- und Sp\u00fclb\u00e4der (ab ca. 500 l) und f\u00fcr Spritzreinigungsanlagen, bei denen die Badvolumina in der Regel auch klein gehalten sind. Doch ebenso k\u00f6nnen Atec Anlagen auch bei gro\u00dfen Tauchbadreinigungsanlagen (&gt; 100 m\u00b3 Badvolumen) zum Einsatz kommen.<\/p>\n<p>Atec filtration units can be used for the economically efficient treatment and recycling of very small immersion cleaning and rinsing baths (from approx. 500 l) as well as for spray cleaning systems which generally also have quite small cleaning fluid volumes. Also very large immersion cleaning systems with volumes of over 100 m\u00b3 can be treated by Atec filtration units.<\/p>\n<p>For the cleaning of rinsing baths, microfiltration (MF), ultrafiltration (UF) and nanofiltration (NF) membranes can be applied. MF is suitable if the target is to remove oil, particles and bacteria. In many cases, it is sufficient to remove this dirt, which is carried over to the rinsing fluid from the preceding degreasing bath. With the tighter UF process higher molecular compounds and surfactants can be removed. By means of <a href=\"https:\/\/www.atec-nu.de\/en\/applications\/rinsing-water-treatment-nanofiltration\/\">nanofiltration<\/a> even dissolved substances (multivalent ions) can be removed from the rinsing bath. Which kind of membrane filtration is to be applied, has to be decided individually from case to case.<\/p>\n<h2>Benefits of degreasing and rinsing bath treatment<\/h2>\n<ul>\n<li style=\"list-style-type: none;\">\n<ul>\n<li><strong>Ideal and constant process quality<br \/>\n<\/strong><\/li>\n<li><strong>Prolongation of liftetime of rinsing \/ degreasing bath<br \/>\n<\/strong><\/li>\n<li><strong>Savings on compound and chemical agents<br \/>\n<\/strong><\/li>\n<\/ul>\n<\/li>\n<\/ul>\n<p><strong>Savings on waste water disposal costs<br \/>\n<\/strong><\/p>\n<p>Your benefits of Atec filtration units<\/p>\n<ul>\n<li><strong>Low energy consumption<br \/>\n<\/strong><\/li>\n<li><strong>Small footprint (from &lt; 1 m\u00b2)<\/strong><\/li>\n<\/ul>\n<\/div><\/div><\/div><div class=\"fusion-layout-column fusion_builder_column fusion-builder-column-2 fusion_builder_column_1_3 1_3 fusion-flex-column\" style=\"--awb-bg-blend:overlay;--awb-bg-size:cover;--awb-width-large:33.333333333333%;--awb-margin-top-large:0px;--awb-spacing-right-large:5.76%;--awb-margin-bottom-large:20px;--awb-spacing-left-large:3.8399999999999%;--awb-width-medium:100%;--awb-spacing-right-medium:1.92%;--awb-spacing-left-medium:1.92%;--awb-width-small:100%;--awb-spacing-right-small:1.92%;--awb-spacing-left-small:1.92%;\"><div class=\"fusion-column-wrapper fusion-flex-justify-content-flex-start fusion-content-layout-column\"><div class=\"fusion-text fusion-text-3\"><div id=\"attachment_405\" style=\"width: 234px\" class=\"wp-caption aligncenter\"><img decoding=\"async\" aria-describedby=\"caption-attachment-405\" class=\"lazyload wp-image-405 size-medium\" src=\"https:\/\/www.atec-nu.de\/hpfiles\/uploads\/2015\/09\/Bild_Entfettung-224x300.jpg\" data-orig-src=\"https:\/\/www.atec-nu.de\/hpfiles\/uploads\/2015\/09\/Bild_Entfettung-224x300.jpg\" alt=\"Atec-Minitube-parts-cleaning-indsutry\" width=\"224\" height=\"300\" srcset=\"data:image\/svg+xml,%3Csvg%20xmlns%3D%27http%3A%2F%2Fwww.w3.org%2F2000%2Fsvg%27%20width%3D%27224%27%20height%3D%27300%27%20viewBox%3D%270%200%20224%20300%27%3E%3Crect%20width%3D%27224%27%20height%3D%27300%27%20fill-opacity%3D%220%22%2F%3E%3C%2Fsvg%3E\" data-srcset=\"https:\/\/www.atec-nu.de\/hpfiles\/uploads\/2015\/09\/Bild_Entfettung-224x300.jpg 224w, https:\/\/www.atec-nu.de\/hpfiles\/uploads\/2015\/09\/Bild_Entfettung.jpg 506w\" data-sizes=\"auto\" data-orig-sizes=\"(max-width: 224px) 100vw, 224px\" \/><p id=\"caption-attachment-405\" class=\"wp-caption-text\">Atec Minitube application in industrial parts cleaning<\/p><\/div>\n<\/div><\/div><\/div><\/div><\/div><\/p>\n","protected":false},"excerpt":{"rendered":"","protected":false},"author":1,"featured_media":0,"parent":504,"menu_order":5,"comment_status":"closed","ping_status":"open","template":"side-navigation.php","meta":{"footnotes":""},"class_list":["post-436","page","type-page","status-publish","hentry"],"_links":{"self":[{"href":"https:\/\/www.atec-nu.de\/en\/wp-json\/wp\/v2\/pages\/436","targetHints":{"allow":["GET"]}}],"collection":[{"href":"https:\/\/www.atec-nu.de\/en\/wp-json\/wp\/v2\/pages"}],"about":[{"href":"https:\/\/www.atec-nu.de\/en\/wp-json\/wp\/v2\/types\/page"}],"author":[{"embeddable":true,"href":"https:\/\/www.atec-nu.de\/en\/wp-json\/wp\/v2\/users\/1"}],"replies":[{"embeddable":true,"href":"https:\/\/www.atec-nu.de\/en\/wp-json\/wp\/v2\/comments?post=436"}],"version-history":[{"count":3,"href":"https:\/\/www.atec-nu.de\/en\/wp-json\/wp\/v2\/pages\/436\/revisions"}],"predecessor-version":[{"id":1276,"href":"https:\/\/www.atec-nu.de\/en\/wp-json\/wp\/v2\/pages\/436\/revisions\/1276"}],"up":[{"embeddable":true,"href":"https:\/\/www.atec-nu.de\/en\/wp-json\/wp\/v2\/pages\/504"}],"wp:attachment":[{"href":"https:\/\/www.atec-nu.de\/en\/wp-json\/wp\/v2\/media?parent=436"}],"curies":[{"name":"wp","href":"https:\/\/api.w.org\/{rel}","templated":true}]}}